{"id":2762,"date":"2024-05-13T08:15:15","date_gmt":"2024-05-13T08:15:15","guid":{"rendered":"https:\/\/shinkwangind.com\/tau-nhom\/"},"modified":"2024-05-13T08:15:15","modified_gmt":"2024-05-13T08:15:15","slug":"tau-nhom","status":"publish","type":"page","link":"https:\/\/shinkwangind.com\/vi\/tau-nhom\/","title":{"rendered":"T\u00e0u nh\u00f4m"},"content":{"rendered":"\t\t<div data-elementor-type=\"wp-page\" data-elementor-id=\"2762\" class=\"elementor elementor-2762 elementor-21\" data-elementor-post-type=\"page\">\n\t\t\t\t\t\t<section class=\"elementor-section elementor-top-section elementor-element elementor-element-312434f7 elementor-section-full_width elementor-section-height-default elementor-section-height-default\" data-id=\"312434f7\" data-element_type=\"section\">\n\t\t\t\t\t\t<div class=\"elementor-container elementor-column-gap-no\">\n\t\t\t\t\t<div class=\"elementor-column elementor-col-50 elementor-top-column elementor-element elementor-element-4584bf7c\" data-id=\"4584bf7c\" data-element_type=\"column\">\n\t\t\t<div class=\"elementor-widget-wrap elementor-element-populated\">\n\t\t\t\t\t\t<div class=\"elementor-element elementor-element-76207013 elementor-widget elementor-widget-image\" data-id=\"76207013\" data-element_type=\"widget\" data-widget_type=\"image.default\">\n\t\t\t\t<div class=\"elementor-widget-container\">\n\t\t\t\t\t\t\t\t\t\t\t\t\t<img fetchpriority=\"high\" decoding=\"async\" width=\"709\" height=\"919\" src=\"https:\/\/shinkwangind.com\/wp-content\/uploads\/2021\/02\/SHINKWANG-22_02.png\" class=\"attachment-large size-large wp-image-2213\" alt=\"SHINKWANG 22\" srcset=\"https:\/\/shinkwangind.com\/wp-content\/uploads\/2021\/02\/SHINKWANG-22_02.png 709w, https:\/\/shinkwangind.com\/wp-content\/uploads\/2021\/02\/SHINKWANG-22_02-231x300.png 231w\" sizes=\"(max-width: 709px) 100vw, 709px\" \/>\t\t\t\t\t\t\t\t\t\t\t\t\t<\/div>\n\t\t\t\t<\/div>\n\t\t\t\t\t<\/div>\n\t\t<\/div>\n\t\t\t\t<div class=\"elementor-column elementor-col-50 elementor-top-column elementor-element elementor-element-3643ddb5\" data-id=\"3643ddb5\" data-element_type=\"column\">\n\t\t\t<div class=\"elementor-widget-wrap elementor-element-populated\">\n\t\t\t\t\t\t<div class=\"elementor-element elementor-element-afc3977 elementor-widget elementor-widget-image\" data-id=\"afc3977\" data-element_type=\"widget\" data-widget_type=\"image.default\">\n\t\t\t\t<div class=\"elementor-widget-container\">\n\t\t\t\t\t\t\t\t\t\t\t\t\t<img decoding=\"async\" width=\"491\" height=\"130\" src=\"https:\/\/shinkwangind.com\/wp-content\/uploads\/2021\/02\/SHINKWANG-22_05.png\" class=\"attachment-large size-large wp-image-2211\" alt=\"SHINKWANG 22\" srcset=\"https:\/\/shinkwangind.com\/wp-content\/uploads\/2021\/02\/SHINKWANG-22_05.png 491w, https:\/\/shinkwangind.com\/wp-content\/uploads\/2021\/02\/SHINKWANG-22_05-300x79.png 300w\" sizes=\"(max-width: 491px) 100vw, 491px\" \/>\t\t\t\t\t\t\t\t\t\t\t\t\t<\/div>\n\t\t\t\t<\/div>\n\t\t\t\t<div class=\"elementor-element elementor-element-38a23103 elementor-widget elementor-widget-image\" data-id=\"38a23103\" data-element_type=\"widget\" data-widget_type=\"image.default\">\n\t\t\t\t<div class=\"elementor-widget-container\">\n\t\t\t\t\t\t\t\t\t\t\t\t\t\t<a href=\"https:\/\/shinkwangind.com\/aluminum-p\/\">\n\t\t\t\t\t\t\t<img decoding=\"async\" width=\"163\" height=\"40\" src=\"https:\/\/shinkwangind.com\/wp-content\/uploads\/2021\/02\/SHINKWANG-07_07-02-1-1.png\" class=\"elementor-animation-grow attachment-large size-large wp-image-2573\" alt=\"SHINKWANG 07 07 02\" \/>\t\t\t\t\t\t\t\t<\/a>\n\t\t\t\t\t\t\t\t\t\t\t\t\t<\/div>\n\t\t\t\t<\/div>\n\t\t\t\t<div class=\"elementor-element elementor-element-7d0b8b14 BsnsInfo elementor-widget elementor-widget-html\" data-id=\"7d0b8b14\" data-element_type=\"widget\" data-widget_type=\"html.default\">\n\t\t\t\t<div class=\"elementor-widget-container\">\n\t\t\t<img decoding=\"async\" src=\"\/wp-content\/uploads\/2021\/02\/SHINKWANG-02_10.png\">\r\n<p>\r\n    T\u00e0u nh\u00f4m si\u00eau nh\u1eb9, ti\u1ebft ki\u1ec7m nhi\u00ean li\u1ec7u cao, c\u00f3 kh\u1ea3 n\u0103ng ch\u1ed1ng \u0103n m\u00f2n, kh\u00f4ng ch\u00e1y, h\u1ea7u nh\u01b0 kh\u00f4ng bi\u1ebfn d\u1ea1ng, kh\u00f4ng ph\u00e1t sinh chi ph\u00ed x\u1eed l\u00fd ch\u1ea5t th\u1ea3i t\u00e0u v\u00e0 c\u00f3 th\u1ec3 t\u00e1i ch\u1ebf ho\u00e0n to\u00e0n. T\u00e0u \u0111\u00e3 qua s\u1eed d\u1ee5ng kh\u00f4ng b\u1ecb h\u1ea5p thu n\u01b0\u1edbc n\u00ean tr\u1ecdng l\u01b0\u1ee3ng v\u00e0 \u0111\u1ed9 b\u1ec1n kh\u00f4ng thay \u0111\u1ed5i, do \u0111\u00f3 c\u00f3 gi\u00e1 tr\u1ecb cao. Kh\u00f4ng gian r\u1ed9ng so v\u1edbi k\u00edch th\u01b0\u1edbc (h\u01a1n 25%), \u0111\u1ed9 b\u1ec1n tuy\u1ec7t v\u1eddi v\u00e0 \u0111\u1ed9 r\u1ebd s\u00f3ng \u0111\u1ec3 ti\u1ebfn th\u1eb3ng v\u00f4 c\u00f9ng \u01b0u vi\u1ec7t, \u0111i nhanh h\u01a1n c\u00f9ng v\u1edbi m\u1ed9t \u0111\u1ed9ng c\u01a1 (h\u01a1n 20%). Ch\u00fang t\u00f4i c\u00f3 th\u1ec3 th\u1ef1c hi\u1ec7n c\u00e1c thi\u1ebft k\u1ebf \u0111\u1eb7c bi\u1ec7t v\u00e0 s\u1ea3n xu\u1ea5t c\u00e1c m\u1eb7t h\u00e0ng thi\u1ebft k\u1ebf b\u1eb1ng c\u00e1ch ph\u1ea3n \u00e1nh tr\u1ef1c ti\u1ebfp \u00fd ki\u1ebfn c\u1ee7a ch\u1ee7 s\u1edf h\u1eefu (ng\u01b0\u1eddi mua).\r\n<\/p>\t\t<\/div>\n\t\t\t\t<\/div>\n\t\t\t\t\t<\/div>\n\t\t<\/div>\n\t\t\t\t\t<\/div>\n\t\t<\/section>\n\t\t\t\t<\/div>\n\t\t","protected":false},"excerpt":{"rendered":"<p>T\u00e0u nh\u00f4m si\u00eau nh\u1eb9, ti\u1ebft ki\u1ec7m nhi\u00ean li\u1ec7u cao, c\u00f3 kh\u1ea3 n\u0103ng ch\u1ed1ng \u0103n m\u00f2n, kh\u00f4ng ch\u00e1y, h\u1ea7u nh\u01b0 kh\u00f4ng bi\u1ebfn d\u1ea1ng, kh\u00f4ng ph\u00e1t sinh chi ph\u00ed x\u1eed l\u00fd ch\u1ea5t th\u1ea3i t\u00e0u v\u00e0 c\u00f3 th\u1ec3 t\u00e1i ch\u1ebf ho\u00e0n to\u00e0n. T\u00e0u \u0111\u00e3 qua s\u1eed d\u1ee5ng kh\u00f4ng b\u1ecb h\u1ea5p thu n\u01b0\u1edbc n\u00ean tr\u1ecdng l\u01b0\u1ee3ng v\u00e0 \u0111\u1ed9 b\u1ec1n [&hellip;]<\/p>\n","protected":false},"author":1,"featured_media":0,"parent":0,"menu_order":0,"comment_status":"closed","ping_status":"closed","template":"","meta":{"slim_seo":{"title":"T\u00e0u nh\u00f4m - \uc2e0\uad11\uae30\uacc4\uacf5\uc5c5\uc0ac","description":"T\u00e0u nh\u00f4m si\u00eau nh\u1eb9, ti\u1ebft ki\u1ec7m nhi\u00ean li\u1ec7u cao, c\u00f3 kh\u1ea3 n\u0103ng ch\u1ed1ng \u0103n m\u00f2n, kh\u00f4ng ch\u00e1y, h\u1ea7u nh\u01b0 kh\u00f4ng bi\u1ebfn d\u1ea1ng, kh\u00f4ng ph\u00e1t sinh chi ph\u00ed x\u1eed l\u00fd ch\u1ea5t th\u1ea3i t\u00e0u v\u00e0 c\u00f3 th"},"footnotes":""},"class_list":["post-2762","page","type-page","status-publish","hentry"],"yoast_head":"<!-- This site is optimized with the Yoast SEO plugin v23.6 - https:\/\/yoast.com\/wordpress\/plugins\/seo\/ -->\n<title>T\u00e0u nh\u00f4m - \uc2e0\uad11\uae30\uacc4\uacf5\uc5c5\uc0ac<\/title>\n<meta name=\"robots\" content=\"index, follow, max-snippet:-1, max-image-preview:large, max-video-preview:-1\" \/>\n<link rel=\"canonical\" href=\"https:\/\/shinkwangind.com\/vi\/tau-nhom\/\" \/>\n<meta property=\"og:locale\" content=\"vi_VN\" \/>\n<meta property=\"og:type\" content=\"article\" \/>\n<meta property=\"og:title\" content=\"T\u00e0u nh\u00f4m - \uc2e0\uad11\uae30\uacc4\uacf5\uc5c5\uc0ac\" \/>\n<meta property=\"og:description\" content=\"T\u00e0u nh\u00f4m si\u00eau nh\u1eb9, ti\u1ebft ki\u1ec7m nhi\u00ean li\u1ec7u cao, c\u00f3 kh\u1ea3 n\u0103ng ch\u1ed1ng \u0103n m\u00f2n, kh\u00f4ng ch\u00e1y, h\u1ea7u nh\u01b0 kh\u00f4ng bi\u1ebfn d\u1ea1ng, kh\u00f4ng ph\u00e1t sinh chi ph\u00ed x\u1eed l\u00fd ch\u1ea5t th\u1ea3i t\u00e0u v\u00e0 c\u00f3 th\u1ec3 t\u00e1i ch\u1ebf ho\u00e0n to\u00e0n. T\u00e0u \u0111\u00e3 qua s\u1eed d\u1ee5ng kh\u00f4ng b\u1ecb h\u1ea5p thu n\u01b0\u1edbc n\u00ean tr\u1ecdng l\u01b0\u1ee3ng v\u00e0 \u0111\u1ed9 b\u1ec1n [&hellip;]\" \/>\n<meta property=\"og:url\" content=\"https:\/\/shinkwangind.com\/vi\/tau-nhom\/\" \/>\n<meta property=\"og:site_name\" content=\"\uc2e0\uad11\uae30\uacc4\uacf5\uc5c5\uc0ac\" \/>\n<meta property=\"og:image\" content=\"https:\/\/shinkwangind.com\/wp-content\/uploads\/2021\/02\/SHINKWANG-22_02.png\" \/>\n<meta name=\"twitter:card\" content=\"summary_large_image\" \/>\n<meta name=\"twitter:label1\" content=\"Est. reading time\" \/>\n\t<meta name=\"twitter:data1\" content=\"1 minute\" \/>\n<script type=\"application\/ld+json\" class=\"yoast-schema-graph\">{\"@context\":\"https:\/\/schema.org\",\"@graph\":[{\"@type\":\"WebPage\",\"@id\":\"https:\/\/shinkwangind.com\/vi\/tau-nhom\/\",\"url\":\"https:\/\/shinkwangind.com\/vi\/tau-nhom\/\",\"name\":\"T\u00e0u nh\u00f4m - \uc2e0\uad11\uae30\uacc4\uacf5\uc5c5\uc0ac\",\"isPartOf\":{\"@id\":\"https:\/\/shinkwangind.com\/vi\/#website\"},\"primaryImageOfPage\":{\"@id\":\"https:\/\/shinkwangind.com\/vi\/tau-nhom\/#primaryimage\"},\"image\":{\"@id\":\"https:\/\/shinkwangind.com\/vi\/tau-nhom\/#primaryimage\"},\"thumbnailUrl\":\"https:\/\/shinkwangind.com\/wp-content\/uploads\/2021\/02\/SHINKWANG-22_02.png\",\"datePublished\":\"2024-05-13T08:15:15+00:00\",\"dateModified\":\"2024-05-13T08:15:15+00:00\",\"breadcrumb\":{\"@id\":\"https:\/\/shinkwangind.com\/vi\/tau-nhom\/#breadcrumb\"},\"inLanguage\":\"vi-VN\",\"potentialAction\":[{\"@type\":\"ReadAction\",\"target\":[\"https:\/\/shinkwangind.com\/vi\/tau-nhom\/\"]}]},{\"@type\":\"ImageObject\",\"inLanguage\":\"vi-VN\",\"@id\":\"https:\/\/shinkwangind.com\/vi\/tau-nhom\/#primaryimage\",\"url\":\"https:\/\/shinkwangind.com\/wp-content\/uploads\/2021\/02\/SHINKWANG-22_02.png\",\"contentUrl\":\"https:\/\/shinkwangind.com\/wp-content\/uploads\/2021\/02\/SHINKWANG-22_02.png\"},{\"@type\":\"BreadcrumbList\",\"@id\":\"https:\/\/shinkwangind.com\/vi\/tau-nhom\/#breadcrumb\",\"itemListElement\":[{\"@type\":\"ListItem\",\"position\":1,\"name\":\"Home\",\"item\":\"https:\/\/shinkwangind.com\/vi\/\"},{\"@type\":\"ListItem\",\"position\":2,\"name\":\"T\u00e0u nh\u00f4m\"}]},{\"@type\":\"WebSite\",\"@id\":\"https:\/\/shinkwangind.com\/vi\/#website\",\"url\":\"https:\/\/shinkwangind.com\/vi\/\",\"name\":\"\uc2e0\uad11\uae30\uacc4\uacf5\uc5c5\uc0ac\",\"description\":\"\uc2e0\uad11\uae30\uacc4\uacf5\uc5c5\uc0ac\",\"publisher\":{\"@id\":\"https:\/\/shinkwangind.com\/vi\/#organization\"},\"potentialAction\":[{\"@type\":\"SearchAction\",\"target\":{\"@type\":\"EntryPoint\",\"urlTemplate\":\"https:\/\/shinkwangind.com\/vi\/?s={search_term_string}\"},\"query-input\":{\"@type\":\"PropertyValueSpecification\",\"valueRequired\":true,\"valueName\":\"search_term_string\"}}],\"inLanguage\":\"vi-VN\"},{\"@type\":\"Organization\",\"@id\":\"https:\/\/shinkwangind.com\/vi\/#organization\",\"name\":\"\uc2e0\uad11\uae30\uacc4\uacf5\uc5c5\uc0ac\",\"url\":\"https:\/\/shinkwangind.com\/vi\/\",\"logo\":{\"@type\":\"ImageObject\",\"inLanguage\":\"vi-VN\",\"@id\":\"https:\/\/shinkwangind.com\/vi\/#\/schema\/logo\/image\/\",\"url\":\"https:\/\/shinkwangind.com\/wp-content\/uploads\/2021\/02\/logo.png\",\"contentUrl\":\"https:\/\/shinkwangind.com\/wp-content\/uploads\/2021\/02\/logo.png\",\"width\":340,\"height\":72,\"caption\":\"\uc2e0\uad11\uae30\uacc4\uacf5\uc5c5\uc0ac\"},\"image\":{\"@id\":\"https:\/\/shinkwangind.com\/vi\/#\/schema\/logo\/image\/\"}}]}<\/script>\n<!-- \/ Yoast SEO plugin. -->","yoast_head_json":{"title":"T\u00e0u nh\u00f4m - \uc2e0\uad11\uae30\uacc4\uacf5\uc5c5\uc0ac","robots":{"index":"index","follow":"follow","max-snippet":"max-snippet:-1","max-image-preview":"max-image-preview:large","max-video-preview":"max-video-preview:-1"},"canonical":"https:\/\/shinkwangind.com\/vi\/tau-nhom\/","og_locale":"vi_VN","og_type":"article","og_title":"T\u00e0u nh\u00f4m - \uc2e0\uad11\uae30\uacc4\uacf5\uc5c5\uc0ac","og_description":"T\u00e0u nh\u00f4m si\u00eau nh\u1eb9, ti\u1ebft ki\u1ec7m nhi\u00ean li\u1ec7u cao, c\u00f3 kh\u1ea3 n\u0103ng ch\u1ed1ng \u0103n m\u00f2n, kh\u00f4ng ch\u00e1y, h\u1ea7u nh\u01b0 kh\u00f4ng bi\u1ebfn d\u1ea1ng, kh\u00f4ng ph\u00e1t sinh chi ph\u00ed x\u1eed l\u00fd ch\u1ea5t th\u1ea3i t\u00e0u v\u00e0 c\u00f3 th\u1ec3 t\u00e1i ch\u1ebf ho\u00e0n to\u00e0n. T\u00e0u \u0111\u00e3 qua s\u1eed d\u1ee5ng kh\u00f4ng b\u1ecb h\u1ea5p thu n\u01b0\u1edbc n\u00ean tr\u1ecdng l\u01b0\u1ee3ng v\u00e0 \u0111\u1ed9 b\u1ec1n [&hellip;]","og_url":"https:\/\/shinkwangind.com\/vi\/tau-nhom\/","og_site_name":"\uc2e0\uad11\uae30\uacc4\uacf5\uc5c5\uc0ac","og_image":[{"url":"https:\/\/shinkwangind.com\/wp-content\/uploads\/2021\/02\/SHINKWANG-22_02.png"}],"twitter_card":"summary_large_image","twitter_misc":{"Est. reading time":"1 minute"},"schema":{"@context":"https:\/\/schema.org","@graph":[{"@type":"WebPage","@id":"https:\/\/shinkwangind.com\/vi\/tau-nhom\/","url":"https:\/\/shinkwangind.com\/vi\/tau-nhom\/","name":"T\u00e0u nh\u00f4m - \uc2e0\uad11\uae30\uacc4\uacf5\uc5c5\uc0ac","isPartOf":{"@id":"https:\/\/shinkwangind.com\/vi\/#website"},"primaryImageOfPage":{"@id":"https:\/\/shinkwangind.com\/vi\/tau-nhom\/#primaryimage"},"image":{"@id":"https:\/\/shinkwangind.com\/vi\/tau-nhom\/#primaryimage"},"thumbnailUrl":"https:\/\/shinkwangind.com\/wp-content\/uploads\/2021\/02\/SHINKWANG-22_02.png","datePublished":"2024-05-13T08:15:15+00:00","dateModified":"2024-05-13T08:15:15+00:00","breadcrumb":{"@id":"https:\/\/shinkwangind.com\/vi\/tau-nhom\/#breadcrumb"},"inLanguage":"vi-VN","potentialAction":[{"@type":"ReadAction","target":["https:\/\/shinkwangind.com\/vi\/tau-nhom\/"]}]},{"@type":"ImageObject","inLanguage":"vi-VN","@id":"https:\/\/shinkwangind.com\/vi\/tau-nhom\/#primaryimage","url":"https:\/\/shinkwangind.com\/wp-content\/uploads\/2021\/02\/SHINKWANG-22_02.png","contentUrl":"https:\/\/shinkwangind.com\/wp-content\/uploads\/2021\/02\/SHINKWANG-22_02.png"},{"@type":"BreadcrumbList","@id":"https:\/\/shinkwangind.com\/vi\/tau-nhom\/#breadcrumb","itemListElement":[{"@type":"ListItem","position":1,"name":"Home","item":"https:\/\/shinkwangind.com\/vi\/"},{"@type":"ListItem","position":2,"name":"T\u00e0u nh\u00f4m"}]},{"@type":"WebSite","@id":"https:\/\/shinkwangind.com\/vi\/#website","url":"https:\/\/shinkwangind.com\/vi\/","name":"\uc2e0\uad11\uae30\uacc4\uacf5\uc5c5\uc0ac","description":"\uc2e0\uad11\uae30\uacc4\uacf5\uc5c5\uc0ac","publisher":{"@id":"https:\/\/shinkwangind.com\/vi\/#organization"},"potentialAction":[{"@type":"SearchAction","target":{"@type":"EntryPoint","urlTemplate":"https:\/\/shinkwangind.com\/vi\/?s={search_term_string}"},"query-input":{"@type":"PropertyValueSpecification","valueRequired":true,"valueName":"search_term_string"}}],"inLanguage":"vi-VN"},{"@type":"Organization","@id":"https:\/\/shinkwangind.com\/vi\/#organization","name":"\uc2e0\uad11\uae30\uacc4\uacf5\uc5c5\uc0ac","url":"https:\/\/shinkwangind.com\/vi\/","logo":{"@type":"ImageObject","inLanguage":"vi-VN","@id":"https:\/\/shinkwangind.com\/vi\/#\/schema\/logo\/image\/","url":"https:\/\/shinkwangind.com\/wp-content\/uploads\/2021\/02\/logo.png","contentUrl":"https:\/\/shinkwangind.com\/wp-content\/uploads\/2021\/02\/logo.png","width":340,"height":72,"caption":"\uc2e0\uad11\uae30\uacc4\uacf5\uc5c5\uc0ac"},"image":{"@id":"https:\/\/shinkwangind.com\/vi\/#\/schema\/logo\/image\/"}}]}},"_links":{"self":[{"href":"https:\/\/shinkwangind.com\/vi\/wp-json\/wp\/v2\/pages\/2762","targetHints":{"allow":["GET"]}}],"collection":[{"href":"https:\/\/shinkwangind.com\/vi\/wp-json\/wp\/v2\/pages"}],"about":[{"href":"https:\/\/shinkwangind.com\/vi\/wp-json\/wp\/v2\/types\/page"}],"author":[{"embeddable":true,"href":"https:\/\/shinkwangind.com\/vi\/wp-json\/wp\/v2\/users\/1"}],"replies":[{"embeddable":true,"href":"https:\/\/shinkwangind.com\/vi\/wp-json\/wp\/v2\/comments?post=2762"}],"version-history":[{"count":1,"href":"https:\/\/shinkwangind.com\/vi\/wp-json\/wp\/v2\/pages\/2762\/revisions"}],"predecessor-version":[{"id":2763,"href":"https:\/\/shinkwangind.com\/vi\/wp-json\/wp\/v2\/pages\/2762\/revisions\/2763"}],"wp:attachment":[{"href":"https:\/\/shinkwangind.com\/vi\/wp-json\/wp\/v2\/media?parent=2762"}],"curies":[{"name":"wp","href":"https:\/\/api.w.org\/{rel}","templated":true}]}}