{"id":2774,"date":"2024-05-13T08:17:35","date_gmt":"2024-05-13T08:17:35","guid":{"rendered":"https:\/\/shinkwangind.com\/loi-chao\/"},"modified":"2024-05-13T08:17:35","modified_gmt":"2024-05-13T08:17:35","slug":"loi-chao","status":"publish","type":"page","link":"https:\/\/shinkwangind.com\/vi\/loi-chao\/","title":{"rendered":"L\u1eddi ch\u00e0o"},"content":{"rendered":"\t\t<div data-elementor-type=\"wp-page\" data-elementor-id=\"2774\" class=\"elementor elementor-2774 elementor-58\" data-elementor-post-type=\"page\">\n\t\t\t\t\t\t<section class=\"elementor-section elementor-top-section elementor-element elementor-element-480a28a elementor-section-full_width elementor-section-height-default elementor-section-height-default\" data-id=\"480a28a\" data-element_type=\"section\">\n\t\t\t\t\t\t<div class=\"elementor-container elementor-column-gap-no\">\n\t\t\t\t\t<div class=\"elementor-column elementor-col-50 elementor-top-column elementor-element elementor-element-45322c1e\" data-id=\"45322c1e\" data-element_type=\"column\">\n\t\t\t<div class=\"elementor-widget-wrap elementor-element-populated\">\n\t\t\t\t\t\t<div class=\"elementor-element elementor-element-40d6831d elementor-widget elementor-widget-image\" data-id=\"40d6831d\" data-element_type=\"widget\" data-widget_type=\"image.default\">\n\t\t\t\t<div class=\"elementor-widget-container\">\n\t\t\t\t\t\t\t\t\t\t\t\t\t<img fetchpriority=\"high\" decoding=\"async\" width=\"691\" height=\"1024\" src=\"https:\/\/shinkwangind.com\/wp-content\/uploads\/2021\/02\/SHINKWANG-02_03-3-691x1024.png\" class=\"attachment-large size-large wp-image-2043\" alt=\"SHINKWANG 02 03\" srcset=\"https:\/\/shinkwangind.com\/wp-content\/uploads\/2021\/02\/SHINKWANG-02_03-3-691x1024.png 691w, https:\/\/shinkwangind.com\/wp-content\/uploads\/2021\/02\/SHINKWANG-02_03-3-202x300.png 202w, https:\/\/shinkwangind.com\/wp-content\/uploads\/2021\/02\/SHINKWANG-02_03-3-768x1138.png 768w, https:\/\/shinkwangind.com\/wp-content\/uploads\/2021\/02\/SHINKWANG-02_03-3.png 788w\" sizes=\"(max-width: 691px) 100vw, 691px\" \/>\t\t\t\t\t\t\t\t\t\t\t\t\t<\/div>\n\t\t\t\t<\/div>\n\t\t\t\t\t<\/div>\n\t\t<\/div>\n\t\t\t\t<div class=\"elementor-column elementor-col-50 elementor-top-column elementor-element elementor-element-1d367f2b\" data-id=\"1d367f2b\" data-element_type=\"column\">\n\t\t\t<div class=\"elementor-widget-wrap elementor-element-populated\">\n\t\t\t\t\t\t<div class=\"elementor-element elementor-element-68402b6d elementor-widget__width-initial elementor-widget elementor-widget-image\" data-id=\"68402b6d\" data-element_type=\"widget\" data-widget_type=\"image.default\">\n\t\t\t\t<div class=\"elementor-widget-container\">\n\t\t\t\t\t\t\t\t\t\t\t\t\t<img decoding=\"async\" width=\"647\" height=\"162\" src=\"https:\/\/shinkwangind.com\/wp-content\/uploads\/2021\/02\/SHINKWANG-02_06.png\" class=\"attachment-large size-large wp-image-2045\" alt=\"SHINKWANG 02\" srcset=\"https:\/\/shinkwangind.com\/wp-content\/uploads\/2021\/02\/SHINKWANG-02_06.png 647w, https:\/\/shinkwangind.com\/wp-content\/uploads\/2021\/02\/SHINKWANG-02_06-300x75.png 300w\" sizes=\"(max-width: 647px) 100vw, 647px\" \/>\t\t\t\t\t\t\t\t\t\t\t\t\t<\/div>\n\t\t\t\t<\/div>\n\t\t\t\t<div class=\"elementor-element elementor-element-616341b elementor-widget elementor-widget-image\" data-id=\"616341b\" data-element_type=\"widget\" data-widget_type=\"image.default\">\n\t\t\t\t<div class=\"elementor-widget-container\">\n\t\t\t\t\t\t\t\t\t\t\t\t\t<img decoding=\"async\" width=\"25\" height=\"2\" src=\"https:\/\/shinkwangind.com\/wp-content\/uploads\/2021\/02\/SHINKWANG-02_10-1.png\" class=\"attachment-large size-large wp-image-2425\" alt=\"SHINKWANG 02\" \/>\t\t\t\t\t\t\t\t\t\t\t\t\t<\/div>\n\t\t\t\t<\/div>\n\t\t\t\t<div class=\"elementor-element elementor-element-71683094 elementor-widget elementor-widget-heading\" data-id=\"71683094\" data-element_type=\"widget\" data-widget_type=\"heading.default\">\n\t\t\t\t<div class=\"elementor-widget-container\">\n\t\t\t<h2 class=\"elementor-heading-title elementor-size-default\">Tr\u01b0\u1edbc h\u1ebft, t\u00f4i mu\u1ed1n b\u00e0y t\u1ecf l\u00f2ng bi\u1ebft \u01a1n s\u00e2u s\u1eafc nh\u1ea5t \u0111\u1ebfn Qu\u00fd kh\u00e1ch \u0111\u00e3 gh\u00e9 th\u0103m trang web c\u1ee7a C\u00f4ng ty m\u00e1y m\u00f3c Shinkwang. <br><br> K\u1ec3 t\u1eeb khi th\u00e0nh l\u1eadp n\u0103m 2003,<span style=\"color:blue\">C\u00f4ng ty m\u00e1y m\u00f3c Shinkwang \u0111\u00e3 s\u1ea3n xu\u1ea5t c\u00e1c s\u1ea3n ph\u1ea9m c\u00f3 gi\u00e1 tr\u1ecb cao d\u1ef1a tr\u00ean c\u00f4ng ngh\u1ec7 li\u00ean quan \u0111\u1ebfn m\u00e1y m\u00f3c c\u00f4ng nghi\u1ec7p v\u00e0 c\u00e1c thi\u1ebft b\u1ecb cho nh\u00e0 m\u00e1y h\u00f3a ch\u1ea5t, nh\u00e0 m\u00e1y \u0111\u00f3ng t\u00e0u.<\/span> <br><br> \u0110\u1ec3 tr\u1edf th\u00e0nh doanh nghi\u1ec7p c\u00f3 t\u1ea7m v\u00f3c qu\u1ed1c t\u1ebf, ch\u00fang t\u00f4i \u0111\u00e3 k\u00fd k\u1ebft h\u1ee3p t\u00e1c c\u00f9ng v\u1edbi T\u1eadp \u0111o\u00e0n Daewoo Ship Engineering &amp; Marine Engineering (DSME), T\u1eadp \u0111o\u00e0n Hyundai Heavy Industries (HHI), T\u1eadp \u0111o\u00e0n Samsung Heavy Industries (SHI), C\u00f4ng ty c\u1ed5 ph\u1ea7n Samtech, C\u00f4ng ty c\u1ed5 ph\u1ea7n Samyoung, v\u00e0 C\u00f4ng ty c\u1ed5 ph\u1ea7n C\u00f4ng nghi\u1ec7p Dongmyung v\u00e0 C\u00f4ng ty c\u1ed5 ph\u1ea7n HD METAL, \u0111\u1ec3 tri\u1ec3n khai ti\u1ebfp th\u1ecb to\u00e0n c\u1ea7u v\u00e0 v\u01b0\u01a1n ra th\u1ecb tr\u01b0\u1eddng th\u1ebf gi\u1edbi. Ngo\u00e0i ra, ch\u00fang t\u00f4i c\u0169ng \u0111ang t\u1eadp trung v\u00e0o vi\u1ec7c kinh doanh s\u1ea3n xu\u1ea5t t\u00e0u nh\u00f4m nh\u01b0 m\u1ed9t l\u0129nh v\u1ef1c kinh doanh m\u1edbi. <br><br> C\u00f4ng ty m\u00e1y m\u00f3c Shinkwang s\u1ebd d\u1eabn \u0111\u1ea7u xu h\u01b0\u1edbng c\u1ee7a th\u1eddi \u0111\u1ea1i b\u1eb1ng c\u00e1ch s\u1edf h\u1eefu thi\u1ebft b\u1ecb th\u1eed nghi\u1ec7m v\u00e0 thi\u1ebft b\u1ecb s\u1ea3n xu\u1ea5t v\u1edbi model m\u1edbi nh\u1ea5t \u0111\u1ec3 s\u1ea3n xu\u1ea5t ra nh\u1eefng s\u1ea3n ph\u1ea9m ch\u1ea5t l\u01b0\u1ee3ng t\u1ed1t nh\u1ea5t theo y\u00eau c\u1ea7u c\u1ee7a th\u1ecb tr\u01b0\u1eddng th\u1ebf gi\u1edbi th\u00f4ng qua ph\u00e2n t\u00edch nghi\u00ean c\u1ee9u v\u00e0 ph\u00e1t tri\u1ec3n kh\u00f4ng ng\u1eebng d\u1ef1a tr\u00ean c\u00f4ng ngh\u1ec7 t\u00edch l\u0169y v\u00e0 b\u00ed quy\u1ebft. <br><br> <b>C\u00f4ng ty \u0111ang c\u1ed1 g\u1eafng c\u1ea3i thi\u1ec7n ch\u1ea5t l\u01b0\u1ee3ng s\u1ea3n ph\u1ea9m v\u00e0 ki\u1ebfn t\u1ea1o c\u00e1c gi\u00e1 tr\u1ecb m\u1edbi b\u1eb1ng c\u00e1ch ti\u1ebfp c\u1eadn kh\u00e1ch h\u00e0ng c\u1ee7a m\u00ecnh v\u1edbi c\u00e1c s\u1ea3n ph\u1ea9m ch\u1ea5t l\u01b0\u1ee3ng cao v\u1edbi gi\u00e1 c\u1ea3 c\u1ea1nh tranh v\u00e0 d\u1ecbch v\u1ee5 \u0111\u00e1ng tin c\u1eady d\u1ef1a tr\u00ean ni\u1ec1m \u0111am m\u00ea, s\u00e1ng t\u1ea1o v\u00e0 c\u1ed1ng hi\u1ebfn.<\/b> <br><br> C\u00f4ng ty m\u00e1y m\u00f3c Shinkwang, h\u01b0\u1edbng t\u1edbi ch\u1ea5t l\u01b0\u1ee3ng t\u1ed1t nh\u1ea5t v\u00e0 s\u1ea3n ph\u1ea9m h\u1ea1ng nh\u1ea5t, \u0111ang t\u1eebng b\u01b0\u1edbc \u0111\u1ed5i m\u1edbi v\u1edbi th\u1ebf gi\u1edbi, v\u00e0 s\u1ebd l\u00e0m h\u1ebft s\u1ee9c m\u00ecnh \u0111\u1ec3 \u0111\u00e1p \u1ee9ng nhu c\u1ea7u c\u1ee7a kh\u00e1ch h\u00e0ng. <br><br> H\u00e3y c\u1ed5 v\u0169 ch\u00fang t\u00f4i trong t\u01b0\u01a1ng lai. Xin c\u1ea3m \u01a1n.<\/h2>\t\t<\/div>\n\t\t\t\t<\/div>\n\t\t\t\t<div class=\"elementor-element elementor-element-5aa665d6 elementor-widget elementor-widget-image\" data-id=\"5aa665d6\" data-element_type=\"widget\" data-widget_type=\"image.default\">\n\t\t\t\t<div class=\"elementor-widget-container\">\n\t\t\t\t\t\t\t\t\t\t\t\t\t<img loading=\"lazy\" decoding=\"async\" width=\"322\" height=\"50\" src=\"https:\/\/shinkwangind.com\/wp-content\/uploads\/2021\/02\/Untitled-1.jpg\" class=\"attachment-large size-large wp-image-2041\" alt=\"Untitled\" srcset=\"https:\/\/shinkwangind.com\/wp-content\/uploads\/2021\/02\/Untitled-1.jpg 322w, https:\/\/shinkwangind.com\/wp-content\/uploads\/2021\/02\/Untitled-1-300x47.jpg 300w\" sizes=\"(max-width: 322px) 100vw, 322px\" \/>\t\t\t\t\t\t\t\t\t\t\t\t\t<\/div>\n\t\t\t\t<\/div>\n\t\t\t\t\t<\/div>\n\t\t<\/div>\n\t\t\t\t\t<\/div>\n\t\t<\/section>\n\t\t\t\t<\/div>\n\t\t","protected":false},"excerpt":{"rendered":"<p>Tr\u01b0\u1edbc h\u1ebft, t\u00f4i mu\u1ed1n b\u00e0y t\u1ecf l\u00f2ng bi\u1ebft \u01a1n s\u00e2u s\u1eafc nh\u1ea5t \u0111\u1ebfn Qu\u00fd kh\u00e1ch \u0111\u00e3 gh\u00e9 th\u0103m trang web c\u1ee7a C\u00f4ng ty m\u00e1y m\u00f3c Shinkwang. K\u1ec3 t\u1eeb khi th\u00e0nh l\u1eadp n\u0103m 2003,C\u00f4ng ty m\u00e1y m\u00f3c Shinkwang \u0111\u00e3 s\u1ea3n xu\u1ea5t c\u00e1c s\u1ea3n ph\u1ea9m c\u00f3 gi\u00e1 tr\u1ecb cao d\u1ef1a tr\u00ean c\u00f4ng ngh\u1ec7 li\u00ean quan \u0111\u1ebfn m\u00e1y [&hellip;]<\/p>\n","protected":false},"author":1,"featured_media":0,"parent":0,"menu_order":0,"comment_status":"closed","ping_status":"closed","template":"","meta":{"slim_seo":{"title":"L\u1eddi ch\u00e0o - \uc2e0\uad11\uae30\uacc4\uacf5\uc5c5\uc0ac","description":"Tr\u01b0\u1edbc h\u1ebft, t\u00f4i mu\u1ed1n b\u00e0y t\u1ecf l\u00f2ng bi\u1ebft \u01a1n s\u00e2u s\u1eafc nh\u1ea5t \u0111\u1ebfn Qu\u00fd kh\u00e1ch \u0111\u00e3 gh\u00e9 th\u0103m trang web c\u1ee7a C\u00f4ng ty m\u00e1y m\u00f3c Shinkwang. K\u1ec3 t\u1eeb khi th\u00e0nh l\u1eadp n\u0103m 2003,C\u00f4ng ty m\u00e1y"},"footnotes":""},"class_list":["post-2774","page","type-page","status-publish","hentry"],"yoast_head":"<!-- This site is optimized with the Yoast SEO plugin v23.6 - https:\/\/yoast.com\/wordpress\/plugins\/seo\/ -->\n<title>L\u1eddi ch\u00e0o - \uc2e0\uad11\uae30\uacc4\uacf5\uc5c5\uc0ac<\/title>\n<meta name=\"robots\" content=\"index, follow, max-snippet:-1, max-image-preview:large, max-video-preview:-1\" \/>\n<link rel=\"canonical\" href=\"https:\/\/shinkwangind.com\/vi\/loi-chao\/\" \/>\n<meta property=\"og:locale\" content=\"vi_VN\" \/>\n<meta property=\"og:type\" content=\"article\" \/>\n<meta property=\"og:title\" content=\"L\u1eddi ch\u00e0o - \uc2e0\uad11\uae30\uacc4\uacf5\uc5c5\uc0ac\" \/>\n<meta property=\"og:description\" content=\"Tr\u01b0\u1edbc h\u1ebft, t\u00f4i mu\u1ed1n b\u00e0y t\u1ecf l\u00f2ng bi\u1ebft \u01a1n s\u00e2u s\u1eafc nh\u1ea5t \u0111\u1ebfn Qu\u00fd kh\u00e1ch \u0111\u00e3 gh\u00e9 th\u0103m trang web c\u1ee7a C\u00f4ng ty m\u00e1y m\u00f3c Shinkwang. K\u1ec3 t\u1eeb khi th\u00e0nh l\u1eadp n\u0103m 2003,C\u00f4ng ty m\u00e1y m\u00f3c Shinkwang \u0111\u00e3 s\u1ea3n xu\u1ea5t c\u00e1c s\u1ea3n ph\u1ea9m c\u00f3 gi\u00e1 tr\u1ecb cao d\u1ef1a tr\u00ean c\u00f4ng ngh\u1ec7 li\u00ean quan \u0111\u1ebfn m\u00e1y [&hellip;]\" \/>\n<meta property=\"og:url\" content=\"https:\/\/shinkwangind.com\/vi\/loi-chao\/\" \/>\n<meta property=\"og:site_name\" content=\"\uc2e0\uad11\uae30\uacc4\uacf5\uc5c5\uc0ac\" \/>\n<meta property=\"og:image\" content=\"https:\/\/shinkwangind.com\/wp-content\/uploads\/2021\/02\/SHINKWANG-02_03-3-691x1024.png\" \/>\n<meta name=\"twitter:card\" content=\"summary_large_image\" \/>\n<meta name=\"twitter:label1\" content=\"Est. reading time\" \/>\n\t<meta name=\"twitter:data1\" content=\"3 minutes\" \/>\n<script type=\"application\/ld+json\" class=\"yoast-schema-graph\">{\"@context\":\"https:\/\/schema.org\",\"@graph\":[{\"@type\":\"WebPage\",\"@id\":\"https:\/\/shinkwangind.com\/vi\/loi-chao\/\",\"url\":\"https:\/\/shinkwangind.com\/vi\/loi-chao\/\",\"name\":\"L\u1eddi ch\u00e0o - \uc2e0\uad11\uae30\uacc4\uacf5\uc5c5\uc0ac\",\"isPartOf\":{\"@id\":\"https:\/\/shinkwangind.com\/vi\/#website\"},\"primaryImageOfPage\":{\"@id\":\"https:\/\/shinkwangind.com\/vi\/loi-chao\/#primaryimage\"},\"image\":{\"@id\":\"https:\/\/shinkwangind.com\/vi\/loi-chao\/#primaryimage\"},\"thumbnailUrl\":\"https:\/\/shinkwangind.com\/wp-content\/uploads\/2021\/02\/SHINKWANG-02_03-3-691x1024.png\",\"datePublished\":\"2024-05-13T08:17:35+00:00\",\"dateModified\":\"2024-05-13T08:17:35+00:00\",\"breadcrumb\":{\"@id\":\"https:\/\/shinkwangind.com\/vi\/loi-chao\/#breadcrumb\"},\"inLanguage\":\"vi-VN\",\"potentialAction\":[{\"@type\":\"ReadAction\",\"target\":[\"https:\/\/shinkwangind.com\/vi\/loi-chao\/\"]}]},{\"@type\":\"ImageObject\",\"inLanguage\":\"vi-VN\",\"@id\":\"https:\/\/shinkwangind.com\/vi\/loi-chao\/#primaryimage\",\"url\":\"https:\/\/shinkwangind.com\/wp-content\/uploads\/2021\/02\/SHINKWANG-02_03-3-691x1024.png\",\"contentUrl\":\"https:\/\/shinkwangind.com\/wp-content\/uploads\/2021\/02\/SHINKWANG-02_03-3-691x1024.png\"},{\"@type\":\"BreadcrumbList\",\"@id\":\"https:\/\/shinkwangind.com\/vi\/loi-chao\/#breadcrumb\",\"itemListElement\":[{\"@type\":\"ListItem\",\"position\":1,\"name\":\"Home\",\"item\":\"https:\/\/shinkwangind.com\/vi\/\"},{\"@type\":\"ListItem\",\"position\":2,\"name\":\"L\u1eddi ch\u00e0o\"}]},{\"@type\":\"WebSite\",\"@id\":\"https:\/\/shinkwangind.com\/vi\/#website\",\"url\":\"https:\/\/shinkwangind.com\/vi\/\",\"name\":\"\uc2e0\uad11\uae30\uacc4\uacf5\uc5c5\uc0ac\",\"description\":\"\uc2e0\uad11\uae30\uacc4\uacf5\uc5c5\uc0ac\",\"publisher\":{\"@id\":\"https:\/\/shinkwangind.com\/vi\/#organization\"},\"potentialAction\":[{\"@type\":\"SearchAction\",\"target\":{\"@type\":\"EntryPoint\",\"urlTemplate\":\"https:\/\/shinkwangind.com\/vi\/?s={search_term_string}\"},\"query-input\":{\"@type\":\"PropertyValueSpecification\",\"valueRequired\":true,\"valueName\":\"search_term_string\"}}],\"inLanguage\":\"vi-VN\"},{\"@type\":\"Organization\",\"@id\":\"https:\/\/shinkwangind.com\/vi\/#organization\",\"name\":\"\uc2e0\uad11\uae30\uacc4\uacf5\uc5c5\uc0ac\",\"url\":\"https:\/\/shinkwangind.com\/vi\/\",\"logo\":{\"@type\":\"ImageObject\",\"inLanguage\":\"vi-VN\",\"@id\":\"https:\/\/shinkwangind.com\/vi\/#\/schema\/logo\/image\/\",\"url\":\"https:\/\/shinkwangind.com\/wp-content\/uploads\/2021\/02\/logo.png\",\"contentUrl\":\"https:\/\/shinkwangind.com\/wp-content\/uploads\/2021\/02\/logo.png\",\"width\":340,\"height\":72,\"caption\":\"\uc2e0\uad11\uae30\uacc4\uacf5\uc5c5\uc0ac\"},\"image\":{\"@id\":\"https:\/\/shinkwangind.com\/vi\/#\/schema\/logo\/image\/\"}}]}<\/script>\n<!-- \/ Yoast SEO plugin. -->","yoast_head_json":{"title":"L\u1eddi ch\u00e0o - \uc2e0\uad11\uae30\uacc4\uacf5\uc5c5\uc0ac","robots":{"index":"index","follow":"follow","max-snippet":"max-snippet:-1","max-image-preview":"max-image-preview:large","max-video-preview":"max-video-preview:-1"},"canonical":"https:\/\/shinkwangind.com\/vi\/loi-chao\/","og_locale":"vi_VN","og_type":"article","og_title":"L\u1eddi ch\u00e0o - \uc2e0\uad11\uae30\uacc4\uacf5\uc5c5\uc0ac","og_description":"Tr\u01b0\u1edbc h\u1ebft, t\u00f4i mu\u1ed1n b\u00e0y t\u1ecf l\u00f2ng bi\u1ebft \u01a1n s\u00e2u s\u1eafc nh\u1ea5t \u0111\u1ebfn Qu\u00fd kh\u00e1ch \u0111\u00e3 gh\u00e9 th\u0103m trang web c\u1ee7a C\u00f4ng ty m\u00e1y m\u00f3c Shinkwang. K\u1ec3 t\u1eeb khi th\u00e0nh l\u1eadp n\u0103m 2003,C\u00f4ng ty m\u00e1y m\u00f3c Shinkwang \u0111\u00e3 s\u1ea3n xu\u1ea5t c\u00e1c s\u1ea3n ph\u1ea9m c\u00f3 gi\u00e1 tr\u1ecb cao d\u1ef1a tr\u00ean c\u00f4ng ngh\u1ec7 li\u00ean quan \u0111\u1ebfn m\u00e1y [&hellip;]","og_url":"https:\/\/shinkwangind.com\/vi\/loi-chao\/","og_site_name":"\uc2e0\uad11\uae30\uacc4\uacf5\uc5c5\uc0ac","og_image":[{"url":"https:\/\/shinkwangind.com\/wp-content\/uploads\/2021\/02\/SHINKWANG-02_03-3-691x1024.png"}],"twitter_card":"summary_large_image","twitter_misc":{"Est. reading time":"3 minutes"},"schema":{"@context":"https:\/\/schema.org","@graph":[{"@type":"WebPage","@id":"https:\/\/shinkwangind.com\/vi\/loi-chao\/","url":"https:\/\/shinkwangind.com\/vi\/loi-chao\/","name":"L\u1eddi ch\u00e0o - \uc2e0\uad11\uae30\uacc4\uacf5\uc5c5\uc0ac","isPartOf":{"@id":"https:\/\/shinkwangind.com\/vi\/#website"},"primaryImageOfPage":{"@id":"https:\/\/shinkwangind.com\/vi\/loi-chao\/#primaryimage"},"image":{"@id":"https:\/\/shinkwangind.com\/vi\/loi-chao\/#primaryimage"},"thumbnailUrl":"https:\/\/shinkwangind.com\/wp-content\/uploads\/2021\/02\/SHINKWANG-02_03-3-691x1024.png","datePublished":"2024-05-13T08:17:35+00:00","dateModified":"2024-05-13T08:17:35+00:00","breadcrumb":{"@id":"https:\/\/shinkwangind.com\/vi\/loi-chao\/#breadcrumb"},"inLanguage":"vi-VN","potentialAction":[{"@type":"ReadAction","target":["https:\/\/shinkwangind.com\/vi\/loi-chao\/"]}]},{"@type":"ImageObject","inLanguage":"vi-VN","@id":"https:\/\/shinkwangind.com\/vi\/loi-chao\/#primaryimage","url":"https:\/\/shinkwangind.com\/wp-content\/uploads\/2021\/02\/SHINKWANG-02_03-3-691x1024.png","contentUrl":"https:\/\/shinkwangind.com\/wp-content\/uploads\/2021\/02\/SHINKWANG-02_03-3-691x1024.png"},{"@type":"BreadcrumbList","@id":"https:\/\/shinkwangind.com\/vi\/loi-chao\/#breadcrumb","itemListElement":[{"@type":"ListItem","position":1,"name":"Home","item":"https:\/\/shinkwangind.com\/vi\/"},{"@type":"ListItem","position":2,"name":"L\u1eddi ch\u00e0o"}]},{"@type":"WebSite","@id":"https:\/\/shinkwangind.com\/vi\/#website","url":"https:\/\/shinkwangind.com\/vi\/","name":"\uc2e0\uad11\uae30\uacc4\uacf5\uc5c5\uc0ac","description":"\uc2e0\uad11\uae30\uacc4\uacf5\uc5c5\uc0ac","publisher":{"@id":"https:\/\/shinkwangind.com\/vi\/#organization"},"potentialAction":[{"@type":"SearchAction","target":{"@type":"EntryPoint","urlTemplate":"https:\/\/shinkwangind.com\/vi\/?s={search_term_string}"},"query-input":{"@type":"PropertyValueSpecification","valueRequired":true,"valueName":"search_term_string"}}],"inLanguage":"vi-VN"},{"@type":"Organization","@id":"https:\/\/shinkwangind.com\/vi\/#organization","name":"\uc2e0\uad11\uae30\uacc4\uacf5\uc5c5\uc0ac","url":"https:\/\/shinkwangind.com\/vi\/","logo":{"@type":"ImageObject","inLanguage":"vi-VN","@id":"https:\/\/shinkwangind.com\/vi\/#\/schema\/logo\/image\/","url":"https:\/\/shinkwangind.com\/wp-content\/uploads\/2021\/02\/logo.png","contentUrl":"https:\/\/shinkwangind.com\/wp-content\/uploads\/2021\/02\/logo.png","width":340,"height":72,"caption":"\uc2e0\uad11\uae30\uacc4\uacf5\uc5c5\uc0ac"},"image":{"@id":"https:\/\/shinkwangind.com\/vi\/#\/schema\/logo\/image\/"}}]}},"_links":{"self":[{"href":"https:\/\/shinkwangind.com\/vi\/wp-json\/wp\/v2\/pages\/2774","targetHints":{"allow":["GET"]}}],"collection":[{"href":"https:\/\/shinkwangind.com\/vi\/wp-json\/wp\/v2\/pages"}],"about":[{"href":"https:\/\/shinkwangind.com\/vi\/wp-json\/wp\/v2\/types\/page"}],"author":[{"embeddable":true,"href":"https:\/\/shinkwangind.com\/vi\/wp-json\/wp\/v2\/users\/1"}],"replies":[{"embeddable":true,"href":"https:\/\/shinkwangind.com\/vi\/wp-json\/wp\/v2\/comments?post=2774"}],"version-history":[{"count":1,"href":"https:\/\/shinkwangind.com\/vi\/wp-json\/wp\/v2\/pages\/2774\/revisions"}],"predecessor-version":[{"id":2775,"href":"https:\/\/shinkwangind.com\/vi\/wp-json\/wp\/v2\/pages\/2774\/revisions\/2775"}],"wp:attachment":[{"href":"https:\/\/shinkwangind.com\/vi\/wp-json\/wp\/v2\/media?parent=2774"}],"curies":[{"name":"wp","href":"https:\/\/api.w.org\/{rel}","templated":true}]}}