{"id":2802,"date":"2024-05-13T08:23:57","date_gmt":"2024-05-13T08:23:57","guid":{"rendered":"https:\/\/shinkwangind.com\/gia-cong-nha-may-hoa-chat\/"},"modified":"2024-05-13T08:23:58","modified_gmt":"2024-05-13T08:23:58","slug":"gia-cong-nha-may-hoa-chat","status":"publish","type":"page","link":"https:\/\/shinkwangind.com\/vi\/gia-cong-nha-may-hoa-chat\/","title":{"rendered":"Gia c\u00f4ng nh\u00e0 m\u00e1y h\u00f3a ch\u1ea5t"},"content":{"rendered":"\t\t<div data-elementor-type=\"wp-page\" data-elementor-id=\"2802\" class=\"elementor elementor-2802 elementor-77\" data-elementor-post-type=\"page\">\n\t\t\t\t\t\t<section class=\"elementor-section elementor-top-section elementor-element elementor-element-491706ec elementor-section-full_width elementor-section-height-default elementor-section-height-default\" data-id=\"491706ec\" data-element_type=\"section\">\n\t\t\t\t\t\t<div class=\"elementor-container elementor-column-gap-no\">\n\t\t\t\t\t<div class=\"elementor-column elementor-col-50 elementor-top-column elementor-element elementor-element-3265b633\" data-id=\"3265b633\" data-element_type=\"column\">\n\t\t\t<div class=\"elementor-widget-wrap elementor-element-populated\">\n\t\t\t\t\t\t<div class=\"elementor-element elementor-element-7739a114 elementor-widget elementor-widget-image\" data-id=\"7739a114\" data-element_type=\"widget\" data-widget_type=\"image.default\">\n\t\t\t\t<div class=\"elementor-widget-container\">\n\t\t\t\t\t\t\t\t\t\t\t\t\t<img fetchpriority=\"high\" decoding=\"async\" width=\"709\" height=\"919\" src=\"https:\/\/shinkwangind.com\/wp-content\/uploads\/2021\/02\/SHINKWANG-07_02-1.png\" class=\"attachment-large size-large wp-image-2569\" alt=\"SHINKWANG 07\" srcset=\"https:\/\/shinkwangind.com\/wp-content\/uploads\/2021\/02\/SHINKWANG-07_02-1.png 709w, https:\/\/shinkwangind.com\/wp-content\/uploads\/2021\/02\/SHINKWANG-07_02-1-231x300.png 231w\" sizes=\"(max-width: 709px) 100vw, 709px\" \/>\t\t\t\t\t\t\t\t\t\t\t\t\t<\/div>\n\t\t\t\t<\/div>\n\t\t\t\t\t<\/div>\n\t\t<\/div>\n\t\t\t\t<div class=\"elementor-column elementor-col-50 elementor-top-column elementor-element elementor-element-521b74ee\" data-id=\"521b74ee\" data-element_type=\"column\">\n\t\t\t<div class=\"elementor-widget-wrap elementor-element-populated\">\n\t\t\t\t\t\t<div class=\"elementor-element elementor-element-71ea5559 elementor-widget elementor-widget-image\" data-id=\"71ea5559\" data-element_type=\"widget\" data-widget_type=\"image.default\">\n\t\t\t\t<div class=\"elementor-widget-container\">\n\t\t\t\t\t\t\t\t\t\t\t\t\t<img decoding=\"async\" width=\"541\" height=\"131\" src=\"https:\/\/shinkwangind.com\/wp-content\/uploads\/2021\/02\/SHINKWANG-07_03-1.png\" class=\"attachment-large size-large wp-image-2571\" alt=\"SHINKWANG 07\" srcset=\"https:\/\/shinkwangind.com\/wp-content\/uploads\/2021\/02\/SHINKWANG-07_03-1.png 541w, https:\/\/shinkwangind.com\/wp-content\/uploads\/2021\/02\/SHINKWANG-07_03-1-300x73.png 300w\" sizes=\"(max-width: 541px) 100vw, 541px\" \/>\t\t\t\t\t\t\t\t\t\t\t\t\t<\/div>\n\t\t\t\t<\/div>\n\t\t\t\t<div class=\"elementor-element elementor-element-7651fff4 elementor-widget elementor-widget-image\" data-id=\"7651fff4\" data-element_type=\"widget\" data-widget_type=\"image.default\">\n\t\t\t\t<div class=\"elementor-widget-container\">\n\t\t\t\t\t\t\t\t\t\t\t\t\t\t<a href=\"https:\/\/shinkwangind.com\/shoemaker-p\/\">\n\t\t\t\t\t\t\t<img decoding=\"async\" width=\"163\" height=\"40\" src=\"https:\/\/shinkwangind.com\/wp-content\/uploads\/2021\/02\/SHINKWANG-07_07-02-1-1.png\" class=\"elementor-animation-grow attachment-large size-large wp-image-2573\" alt=\"SHINKWANG 07 07 02\" \/>\t\t\t\t\t\t\t\t<\/a>\n\t\t\t\t\t\t\t\t\t\t\t\t\t<\/div>\n\t\t\t\t<\/div>\n\t\t\t\t<div class=\"elementor-element elementor-element-7738fb50 BsnsInfo elementor-widget elementor-widget-html\" data-id=\"7738fb50\" data-element_type=\"widget\" data-widget_type=\"html.default\">\n\t\t\t\t<div class=\"elementor-widget-container\">\n\t\t\t<img decoding=\"async\" src=\"\/wp-content\/uploads\/2021\/02\/SHINKWANG-02_10.png\">\r\n<p>\r\nCh\u00fang t\u00f4i \u0111ang s\u1ea3n xu\u1ea5t c\u00e1c ph\u1ee5 ki\u1ec7n ch\u00ednh nh\u01b0<br>\r\nTUBE SHEET, BAFFLE PLATE, FLANGE & COVER trong thi\u1ebft b\u1ecb ph\u00e1t<br>\r\n\u0111i\u1ec7n (\u0111i\u1ec7n nguy\u00ean t\u1eed, nhi\u1ec7t \u0111i\u1ec7n), nh\u00e0 m\u00e1y h\u00f3a d\u1ea7u v\u1edbi ch\u1ea5t l\u01b0\u1ee3ng h\u00e0ng \u0111\u1ea7u.\r\n<\/p>\t\t<\/div>\n\t\t\t\t<\/div>\n\t\t\t\t\t<\/div>\n\t\t<\/div>\n\t\t\t\t\t<\/div>\n\t\t<\/section>\n\t\t\t\t<\/div>\n\t\t","protected":false},"excerpt":{"rendered":"<p>Ch\u00fang t\u00f4i \u0111ang s\u1ea3n xu\u1ea5t c\u00e1c ph\u1ee5 ki\u1ec7n ch\u00ednh nh\u01b0 TUBE SHEET, BAFFLE PLATE, FLANGE &#038; COVER trong thi\u1ebft b\u1ecb ph\u00e1t \u0111i\u1ec7n (\u0111i\u1ec7n nguy\u00ean t\u1eed, nhi\u1ec7t \u0111i\u1ec7n), nh\u00e0 m\u00e1y h\u00f3a d\u1ea7u v\u1edbi ch\u1ea5t l\u01b0\u1ee3ng h\u00e0ng \u0111\u1ea7u.<\/p>\n","protected":false},"author":1,"featured_media":0,"parent":0,"menu_order":0,"comment_status":"closed","ping_status":"closed","template":"","meta":{"slim_seo":{"title":"Gia c\u00f4ng nh\u00e0 m\u00e1y h\u00f3a ch\u1ea5t - \uc2e0\uad11\uae30\uacc4\uacf5\uc5c5\uc0ac","description":"Ch\u00fang t\u00f4i \u0111ang s\u1ea3n xu\u1ea5t c\u00e1c ph\u1ee5 ki\u1ec7n ch\u00ednh nh\u01b0 TUBE SHEET, BAFFLE PLATE, FLANGE & COVER trong thi\u1ebft b\u1ecb ph\u00e1t \u0111i\u1ec7n (\u0111i\u1ec7n nguy\u00ean t\u1eed, nhi\u1ec7t \u0111i\u1ec7n), nh\u00e0 m\u00e1y h\u00f3a d\u1ea7u v"},"footnotes":""},"class_list":["post-2802","page","type-page","status-publish","hentry"],"yoast_head":"<!-- This site is optimized with the Yoast SEO plugin v23.6 - https:\/\/yoast.com\/wordpress\/plugins\/seo\/ -->\n<title>Gia c\u00f4ng nh\u00e0 m\u00e1y h\u00f3a ch\u1ea5t - \uc2e0\uad11\uae30\uacc4\uacf5\uc5c5\uc0ac<\/title>\n<meta name=\"robots\" content=\"index, follow, max-snippet:-1, max-image-preview:large, max-video-preview:-1\" \/>\n<link rel=\"canonical\" href=\"https:\/\/shinkwangind.com\/vi\/gia-cong-nha-may-hoa-chat\/\" \/>\n<meta property=\"og:locale\" content=\"vi_VN\" \/>\n<meta property=\"og:type\" content=\"article\" \/>\n<meta property=\"og:title\" content=\"Gia c\u00f4ng nh\u00e0 m\u00e1y h\u00f3a ch\u1ea5t - \uc2e0\uad11\uae30\uacc4\uacf5\uc5c5\uc0ac\" \/>\n<meta property=\"og:description\" content=\"Ch\u00fang t\u00f4i \u0111ang s\u1ea3n xu\u1ea5t c\u00e1c ph\u1ee5 ki\u1ec7n ch\u00ednh nh\u01b0 TUBE SHEET, BAFFLE PLATE, FLANGE &#038; COVER trong thi\u1ebft b\u1ecb ph\u00e1t \u0111i\u1ec7n (\u0111i\u1ec7n nguy\u00ean t\u1eed, nhi\u1ec7t \u0111i\u1ec7n), nh\u00e0 m\u00e1y h\u00f3a d\u1ea7u v\u1edbi ch\u1ea5t l\u01b0\u1ee3ng h\u00e0ng \u0111\u1ea7u.\" \/>\n<meta property=\"og:url\" content=\"https:\/\/shinkwangind.com\/vi\/gia-cong-nha-may-hoa-chat\/\" \/>\n<meta property=\"og:site_name\" content=\"\uc2e0\uad11\uae30\uacc4\uacf5\uc5c5\uc0ac\" \/>\n<meta property=\"article:modified_time\" content=\"2024-05-13T08:23:58+00:00\" \/>\n<meta property=\"og:image\" content=\"https:\/\/shinkwangind.com\/wp-content\/uploads\/2021\/02\/SHINKWANG-07_02-1.png\" \/>\n<meta name=\"twitter:card\" content=\"summary_large_image\" \/>\n<script type=\"application\/ld+json\" class=\"yoast-schema-graph\">{\"@context\":\"https:\/\/schema.org\",\"@graph\":[{\"@type\":\"WebPage\",\"@id\":\"https:\/\/shinkwangind.com\/vi\/gia-cong-nha-may-hoa-chat\/\",\"url\":\"https:\/\/shinkwangind.com\/vi\/gia-cong-nha-may-hoa-chat\/\",\"name\":\"Gia c\u00f4ng nh\u00e0 m\u00e1y h\u00f3a ch\u1ea5t - \uc2e0\uad11\uae30\uacc4\uacf5\uc5c5\uc0ac\",\"isPartOf\":{\"@id\":\"https:\/\/shinkwangind.com\/vi\/#website\"},\"primaryImageOfPage\":{\"@id\":\"https:\/\/shinkwangind.com\/vi\/gia-cong-nha-may-hoa-chat\/#primaryimage\"},\"image\":{\"@id\":\"https:\/\/shinkwangind.com\/vi\/gia-cong-nha-may-hoa-chat\/#primaryimage\"},\"thumbnailUrl\":\"https:\/\/shinkwangind.com\/wp-content\/uploads\/2021\/02\/SHINKWANG-07_02-1.png\",\"datePublished\":\"2024-05-13T08:23:57+00:00\",\"dateModified\":\"2024-05-13T08:23:58+00:00\",\"breadcrumb\":{\"@id\":\"https:\/\/shinkwangind.com\/vi\/gia-cong-nha-may-hoa-chat\/#breadcrumb\"},\"inLanguage\":\"vi-VN\",\"potentialAction\":[{\"@type\":\"ReadAction\",\"target\":[\"https:\/\/shinkwangind.com\/vi\/gia-cong-nha-may-hoa-chat\/\"]}]},{\"@type\":\"ImageObject\",\"inLanguage\":\"vi-VN\",\"@id\":\"https:\/\/shinkwangind.com\/vi\/gia-cong-nha-may-hoa-chat\/#primaryimage\",\"url\":\"https:\/\/shinkwangind.com\/wp-content\/uploads\/2021\/02\/SHINKWANG-07_02-1.png\",\"contentUrl\":\"https:\/\/shinkwangind.com\/wp-content\/uploads\/2021\/02\/SHINKWANG-07_02-1.png\"},{\"@type\":\"BreadcrumbList\",\"@id\":\"https:\/\/shinkwangind.com\/vi\/gia-cong-nha-may-hoa-chat\/#breadcrumb\",\"itemListElement\":[{\"@type\":\"ListItem\",\"position\":1,\"name\":\"Home\",\"item\":\"https:\/\/shinkwangind.com\/vi\/\"},{\"@type\":\"ListItem\",\"position\":2,\"name\":\"Gia c\u00f4ng nh\u00e0 m\u00e1y h\u00f3a ch\u1ea5t\"}]},{\"@type\":\"WebSite\",\"@id\":\"https:\/\/shinkwangind.com\/vi\/#website\",\"url\":\"https:\/\/shinkwangind.com\/vi\/\",\"name\":\"\uc2e0\uad11\uae30\uacc4\uacf5\uc5c5\uc0ac\",\"description\":\"\uc2e0\uad11\uae30\uacc4\uacf5\uc5c5\uc0ac\",\"publisher\":{\"@id\":\"https:\/\/shinkwangind.com\/vi\/#organization\"},\"potentialAction\":[{\"@type\":\"SearchAction\",\"target\":{\"@type\":\"EntryPoint\",\"urlTemplate\":\"https:\/\/shinkwangind.com\/vi\/?s={search_term_string}\"},\"query-input\":{\"@type\":\"PropertyValueSpecification\",\"valueRequired\":true,\"valueName\":\"search_term_string\"}}],\"inLanguage\":\"vi-VN\"},{\"@type\":\"Organization\",\"@id\":\"https:\/\/shinkwangind.com\/vi\/#organization\",\"name\":\"\uc2e0\uad11\uae30\uacc4\uacf5\uc5c5\uc0ac\",\"url\":\"https:\/\/shinkwangind.com\/vi\/\",\"logo\":{\"@type\":\"ImageObject\",\"inLanguage\":\"vi-VN\",\"@id\":\"https:\/\/shinkwangind.com\/vi\/#\/schema\/logo\/image\/\",\"url\":\"https:\/\/shinkwangind.com\/wp-content\/uploads\/2021\/02\/logo.png\",\"contentUrl\":\"https:\/\/shinkwangind.com\/wp-content\/uploads\/2021\/02\/logo.png\",\"width\":340,\"height\":72,\"caption\":\"\uc2e0\uad11\uae30\uacc4\uacf5\uc5c5\uc0ac\"},\"image\":{\"@id\":\"https:\/\/shinkwangind.com\/vi\/#\/schema\/logo\/image\/\"}}]}<\/script>\n<!-- \/ Yoast SEO plugin. -->","yoast_head_json":{"title":"Gia c\u00f4ng nh\u00e0 m\u00e1y h\u00f3a ch\u1ea5t - \uc2e0\uad11\uae30\uacc4\uacf5\uc5c5\uc0ac","robots":{"index":"index","follow":"follow","max-snippet":"max-snippet:-1","max-image-preview":"max-image-preview:large","max-video-preview":"max-video-preview:-1"},"canonical":"https:\/\/shinkwangind.com\/vi\/gia-cong-nha-may-hoa-chat\/","og_locale":"vi_VN","og_type":"article","og_title":"Gia c\u00f4ng nh\u00e0 m\u00e1y h\u00f3a ch\u1ea5t - \uc2e0\uad11\uae30\uacc4\uacf5\uc5c5\uc0ac","og_description":"Ch\u00fang t\u00f4i \u0111ang s\u1ea3n xu\u1ea5t c\u00e1c ph\u1ee5 ki\u1ec7n ch\u00ednh nh\u01b0 TUBE SHEET, BAFFLE PLATE, FLANGE &#038; COVER trong thi\u1ebft b\u1ecb ph\u00e1t \u0111i\u1ec7n (\u0111i\u1ec7n nguy\u00ean t\u1eed, nhi\u1ec7t \u0111i\u1ec7n), nh\u00e0 m\u00e1y h\u00f3a d\u1ea7u v\u1edbi ch\u1ea5t l\u01b0\u1ee3ng h\u00e0ng \u0111\u1ea7u.","og_url":"https:\/\/shinkwangind.com\/vi\/gia-cong-nha-may-hoa-chat\/","og_site_name":"\uc2e0\uad11\uae30\uacc4\uacf5\uc5c5\uc0ac","article_modified_time":"2024-05-13T08:23:58+00:00","og_image":[{"url":"https:\/\/shinkwangind.com\/wp-content\/uploads\/2021\/02\/SHINKWANG-07_02-1.png"}],"twitter_card":"summary_large_image","schema":{"@context":"https:\/\/schema.org","@graph":[{"@type":"WebPage","@id":"https:\/\/shinkwangind.com\/vi\/gia-cong-nha-may-hoa-chat\/","url":"https:\/\/shinkwangind.com\/vi\/gia-cong-nha-may-hoa-chat\/","name":"Gia c\u00f4ng nh\u00e0 m\u00e1y h\u00f3a ch\u1ea5t - \uc2e0\uad11\uae30\uacc4\uacf5\uc5c5\uc0ac","isPartOf":{"@id":"https:\/\/shinkwangind.com\/vi\/#website"},"primaryImageOfPage":{"@id":"https:\/\/shinkwangind.com\/vi\/gia-cong-nha-may-hoa-chat\/#primaryimage"},"image":{"@id":"https:\/\/shinkwangind.com\/vi\/gia-cong-nha-may-hoa-chat\/#primaryimage"},"thumbnailUrl":"https:\/\/shinkwangind.com\/wp-content\/uploads\/2021\/02\/SHINKWANG-07_02-1.png","datePublished":"2024-05-13T08:23:57+00:00","dateModified":"2024-05-13T08:23:58+00:00","breadcrumb":{"@id":"https:\/\/shinkwangind.com\/vi\/gia-cong-nha-may-hoa-chat\/#breadcrumb"},"inLanguage":"vi-VN","potentialAction":[{"@type":"ReadAction","target":["https:\/\/shinkwangind.com\/vi\/gia-cong-nha-may-hoa-chat\/"]}]},{"@type":"ImageObject","inLanguage":"vi-VN","@id":"https:\/\/shinkwangind.com\/vi\/gia-cong-nha-may-hoa-chat\/#primaryimage","url":"https:\/\/shinkwangind.com\/wp-content\/uploads\/2021\/02\/SHINKWANG-07_02-1.png","contentUrl":"https:\/\/shinkwangind.com\/wp-content\/uploads\/2021\/02\/SHINKWANG-07_02-1.png"},{"@type":"BreadcrumbList","@id":"https:\/\/shinkwangind.com\/vi\/gia-cong-nha-may-hoa-chat\/#breadcrumb","itemListElement":[{"@type":"ListItem","position":1,"name":"Home","item":"https:\/\/shinkwangind.com\/vi\/"},{"@type":"ListItem","position":2,"name":"Gia c\u00f4ng nh\u00e0 m\u00e1y h\u00f3a ch\u1ea5t"}]},{"@type":"WebSite","@id":"https:\/\/shinkwangind.com\/vi\/#website","url":"https:\/\/shinkwangind.com\/vi\/","name":"\uc2e0\uad11\uae30\uacc4\uacf5\uc5c5\uc0ac","description":"\uc2e0\uad11\uae30\uacc4\uacf5\uc5c5\uc0ac","publisher":{"@id":"https:\/\/shinkwangind.com\/vi\/#organization"},"potentialAction":[{"@type":"SearchAction","target":{"@type":"EntryPoint","urlTemplate":"https:\/\/shinkwangind.com\/vi\/?s={search_term_string}"},"query-input":{"@type":"PropertyValueSpecification","valueRequired":true,"valueName":"search_term_string"}}],"inLanguage":"vi-VN"},{"@type":"Organization","@id":"https:\/\/shinkwangind.com\/vi\/#organization","name":"\uc2e0\uad11\uae30\uacc4\uacf5\uc5c5\uc0ac","url":"https:\/\/shinkwangind.com\/vi\/","logo":{"@type":"ImageObject","inLanguage":"vi-VN","@id":"https:\/\/shinkwangind.com\/vi\/#\/schema\/logo\/image\/","url":"https:\/\/shinkwangind.com\/wp-content\/uploads\/2021\/02\/logo.png","contentUrl":"https:\/\/shinkwangind.com\/wp-content\/uploads\/2021\/02\/logo.png","width":340,"height":72,"caption":"\uc2e0\uad11\uae30\uacc4\uacf5\uc5c5\uc0ac"},"image":{"@id":"https:\/\/shinkwangind.com\/vi\/#\/schema\/logo\/image\/"}}]}},"_links":{"self":[{"href":"https:\/\/shinkwangind.com\/vi\/wp-json\/wp\/v2\/pages\/2802","targetHints":{"allow":["GET"]}}],"collection":[{"href":"https:\/\/shinkwangind.com\/vi\/wp-json\/wp\/v2\/pages"}],"about":[{"href":"https:\/\/shinkwangind.com\/vi\/wp-json\/wp\/v2\/types\/page"}],"author":[{"embeddable":true,"href":"https:\/\/shinkwangind.com\/vi\/wp-json\/wp\/v2\/users\/1"}],"replies":[{"embeddable":true,"href":"https:\/\/shinkwangind.com\/vi\/wp-json\/wp\/v2\/comments?post=2802"}],"version-history":[{"count":1,"href":"https:\/\/shinkwangind.com\/vi\/wp-json\/wp\/v2\/pages\/2802\/revisions"}],"predecessor-version":[{"id":2803,"href":"https:\/\/shinkwangind.com\/vi\/wp-json\/wp\/v2\/pages\/2802\/revisions\/2803"}],"wp:attachment":[{"href":"https:\/\/shinkwangind.com\/vi\/wp-json\/wp\/v2\/media?parent=2802"}],"curies":[{"name":"wp","href":"https:\/\/api.w.org\/{rel}","templated":true}]}}